{"id":3,"date":"2024-09-27T19:16:35","date_gmt":"2024-09-27T19:16:35","guid":{"rendered":"https:\/\/wp.krabschennest.de\/?page_id=3"},"modified":"2026-02-26T19:05:15","modified_gmt":"2026-02-26T18:05:15","slug":"privacy-policy","status":"publish","type":"page","link":"https:\/\/www.krabschennest.de\/index.php\/privacy-policy\/","title":{"rendered":"Datenschutz"},"content":{"rendered":"\n<h2 class=\"wp-block-heading\">Informationspflicht bei Erhebung von personenbezogenen Daten gem\u00e4\u00df Art. 13 DS\u00ad-GVO<\/h2>\n\n\n\n<h2 class=\"wp-block-heading\">Angaben zum Verantwortlichen<\/h2>\n\n\n\n<p>F\u00f6rderverein der Kindertagesst\u00e4tte und der Grundschule Langewiesen e.V.<br>Friedrich-Eck-Stra\u00dfe 14b<br>98693 Ilmenau<\/p>\n\n\n\n<h2 class=\"wp-block-heading\">Ansprechpartner f\u00fcr datenschutzrechtliche Fragen<\/h2>\n\n\n\n<p>Bei Fragen zum Datenschutz stehen wir Ihnen unter <a href=\"mailto:vorstand@krabschennest.de\">vorstand@krabschennest.de<\/a> oder unter der oben angegebenen postalischen Anschrift zur Verf\u00fcgung.<\/p>\n\n\n\n<h2 class=\"wp-block-heading\">Verarbeitung Ihrer personenbezogenen Daten \u2013 Zwecke und Rechtsgrundlagen<\/h2>\n\n\n\n<h3 class=\"wp-block-heading\">Datenverarbeitung auf unserer Vereinswebseite<\/h3>\n\n\n\n<h4 class=\"wp-block-heading\">Logfiles<\/h4>\n\n\n\n<p>Bei Aufruf unserer Webseite werden Logfiles gesetzt und bleiben f\u00fcr 14 Tage gespeichert.<\/p>\n\n\n\n<h4 class=\"wp-block-heading\">Newsletter<\/h4>\n\n\n\n<p><br>Wenn Sie auf unserer Vereinswebseite den <ins>Newsletter<\/ins> abonniert haben, verwenden wir Ihre E-Mail-Adresse, um Ihnen regelm\u00e4\u00dfig den Newsletter zuzusenden und Sie mit Wissenswertem \u00fcber den Verein zu versorgen. Die Rechtsgrundlage f\u00fcr den Newsletter-Versand ist Ihre Einwilligung (Artikel 6 Absatz 1 Satz 1 a) DS-GVO). Die Einwilligung k\u00f6nnen Sie jederzeit widerrufen, um den Newsletter nicht weiter zu bekommen. Dazu k\u00f6nnen Sie unten in der Newsletter-E-Mail auf \u201eabbestellen\u201c oder \u201eunsubscribe\u201c klicken. Oder Sie schreiben uns an <a href=\"mailto:vorstand@krabschennest.de\">vorstand@krabschennest.de<\/a> oder per Post.<\/p>\n\n\n\n<h3 class=\"wp-block-heading\">Datenverarbeitung im Verein<\/h3>\n\n\n\n<p><br>Mitgliedsdaten (Namen, Wohn-Adresse, Email-Adresse, Telefonnummer, IBAN, Name des Kontoinhabers) werden von den jeweiligen Funktionstr\u00e4ger*innen unseres Vereins nur f\u00fcr die ihnen zugeordnete Aufgabenerf\u00fcllung verarbeitet. Im Einzelnen bedeutet dies:<\/p>\n\n\n\n<ul class=\"wp-block-list\">\n<li>Wenn der <ins>Vorstand<\/ins> Mitgliedsdaten ben\u00f6tigt, um seine Aufgaben zu erledigen, darf er auf alle hierf\u00fcr erforderlichen Mitgliedsdaten zugreifen. Dazu geh\u00f6rt insbesondere Mitgliederverwaltung, Pr\u00fcfung der Beitragszahlungen, Informationsverteilung zu Jahreshauptversammlungen und Kleiderm\u00e4rkten sowie sonstigen Aktivit\u00e4ten des Vereins. Informationen zu Artikeln und Verk\u00e4ufen bei Kleiderm\u00e4rkten.<\/li>\n\n\n\n<li>Der*die Kassenwart*in verarbeitet die Mitgliedsdaten, die f\u00fcr den Einzug der Mitgliedsbeitr\u00e4ge, der*die <ins>Kassenpr\u00fcfer*in<\/ins> verarbeitet die Mitgliedsdaten, die f\u00fcr die Kassenpr\u00fcfung relevant sind. Dies sind Vorname, Nachname, postalische Anschrift und Bankverbindung mit Zahlungsdaten sowie ggf. Zugriff auf die Lastschriftsverfahrensgenehmigung inklusive Unterschrift, sofern das Mitglied dem Verein ein Lastschriftmandat erteilt hat.<\/li>\n\n\n\n<li>Die <ins>Vereinsgesch\u00e4ftsstelle<\/ins> verarbeitet die Mitgliedsdaten zur Mitgliedsverwaltung und -betreuung.<\/li>\n<\/ul>\n\n\n\n<p>Zweck f\u00fcr die Verarbeitung der Mitgliedsdaten ist die Verfolgung des Vereinszwecks und die -verwaltung. Rechtsgrundlage ist die Vereinsmitgliedschaft (Artikel 6 Absatz 1 b) DS-GVO).<\/p>\n\n\n\n<h2 class=\"wp-block-heading\">Empf\u00e4nger der personenbezogenen Daten<\/h2>\n\n\n\n<p>Die Daten werden an folgende Empf\u00e4nger weitergegeben:<\/p>\n\n\n\n<p>SD Software-Design GmbH Basler Landstra\u00dfe 8 79111 Freiburg<\/p>\n\n\n\n<h2 class=\"wp-block-heading\">Speicherdauer<\/h2>\n\n\n\n<ul class=\"wp-block-list\">\n<li>Die E-Mail- Adresse, die Sie f\u00fcr den Versand des Newsletters angegeben haben, wird<br>gel\u00f6scht, sobald Sie Ihre Einwilligung in den Newsletter widerrufen, es sei denn, dass diese E-Mail-Adresse auch f\u00fcr andere Kommunikation als zum Newletter-Versand zwischen dem Verein und Ihnen verwendet wird.<\/li>\n\n\n\n<li>Die aktuellen Mitgliedsdaten werden f\u00fcr die Dauer der Mitgliedschaft und dar\u00fcber hinaus 1Jahre gespeichert.<\/li>\n<\/ul>\n\n\n\n<h2 class=\"wp-block-heading\">Betroffenenrechte<\/h2>\n\n\n\n<p>Wenn wir personenbezogene Daten von Ihnen verarbeiten, haben Sie folgende Betroffenenrechte:<\/p>\n\n\n\n<ul class=\"wp-block-list\">\n<li>ein Recht auf Auskunft \u00fcber die verarbeiteten Daten und auf Kopie,<\/li>\n\n\n\n<li>ein Berichtigungsrecht, wenn wir falsche Daten \u00fcber Sie verarbeiten,<\/li>\n\n\n\n<li>ein Recht auf L\u00f6schung, es sei denn, dass noch Ausnahmen greifen, warum wir die Daten noch speichern, also zum Beispiel Aufbewahrungspflichten oder Verj\u00e4hrungsfristen<\/li>\n\n\n\n<li>ein Recht auf Einschr\u00e4nkung der Verarbeitung,<\/li>\n\n\n\n<li>ein jederzeitiges Recht, Einwilligungen in die Datenverarbeitung zu widerrufen,<\/li>\n\n\n\n<li>ein Widerspruchsrecht gegen eine Verarbeitung im \u00f6ffentlichen oder bei berechtigtem Interesse,<\/li>\n\n\n\n<li>ein Recht auf Daten\u00fcbertragbarkeit,<\/li>\n\n\n\n<li>ein Beschwerderecht bei einer Datenschutz-Aufsichtsbeh\u00f6rde, wenn Sie finden, dass wir Ihre Daten nicht ordnungsgem\u00e4\u00df verarbeiten. F\u00fcr unseren Verein ist der Th\u00fcringer Landesbeauftragte f\u00fcr den Datenschutz und die Informationsfreiheit zust\u00e4ndig. Wenn Sie sich in einem anderen Bundesland oder nicht in Deutschland aufhalten, k\u00f6nnen Sie sich aber auch an die dortige Datenschutzbeh\u00f6rde wenden.<\/li>\n<\/ul>\n","protected":false},"excerpt":{"rendered":"<p>Informationspflicht bei Erhebung von personenbezogenen Daten gem\u00e4\u00df Art. 13 DS\u00ad-GVO Angaben zum Verantwortlichen F\u00f6rderverein der Kindertagesst\u00e4tte und der Grundschule Langewiesen e.V.Friedrich-Eck-Stra\u00dfe 14b98693 Ilmenau Ansprechpartner f\u00fcr datenschutzrechtliche Fragen Bei Fragen zum Datenschutz stehen wir Ihnen unter vorstand@krabschennest.de oder unter der oben angegebenen postalischen Anschrift zur Verf\u00fcgung. Verarbeitung Ihrer personenbezogenen Daten \u2013 Zwecke und Rechtsgrundlagen Datenverarbeitung auf [&hellip;]<\/p>\n","protected":false},"author":1,"featured_media":0,"parent":0,"menu_order":0,"comment_status":"closed","ping_status":"open","template":"","meta":{"saved_in_kubio":true,"footnotes":""},"class_list":["post-3","page","type-page","status-publish","hentry"],"kubio_ai_page_context":{"short_desc":"","purpose":"general"},"_links":{"self":[{"href":"https:\/\/www.krabschennest.de\/index.php\/wp-json\/wp\/v2\/pages\/3","targetHints":{"allow":["GET"]}}],"collection":[{"href":"https:\/\/www.krabschennest.de\/index.php\/wp-json\/wp\/v2\/pages"}],"about":[{"href":"https:\/\/www.krabschennest.de\/index.php\/wp-json\/wp\/v2\/types\/page"}],"author":[{"embeddable":true,"href":"https:\/\/www.krabschennest.de\/index.php\/wp-json\/wp\/v2\/users\/1"}],"replies":[{"embeddable":true,"href":"https:\/\/www.krabschennest.de\/index.php\/wp-json\/wp\/v2\/comments?post=3"}],"version-history":[{"count":6,"href":"https:\/\/www.krabschennest.de\/index.php\/wp-json\/wp\/v2\/pages\/3\/revisions"}],"predecessor-version":[{"id":291,"href":"https:\/\/www.krabschennest.de\/index.php\/wp-json\/wp\/v2\/pages\/3\/revisions\/291"}],"wp:attachment":[{"href":"https:\/\/www.krabschennest.de\/index.php\/wp-json\/wp\/v2\/media?parent=3"}],"curies":[{"name":"wp","href":"https:\/\/api.w.org\/{rel}","templated":true}]}}